{"id":621,"date":"2016-11-18T13:46:31","date_gmt":"2016-11-18T10:46:31","guid":{"rendered":"http:\/\/ersozlu.com\/en\/?page_id=621"},"modified":"2016-11-26T12:04:16","modified_gmt":"2016-11-26T09:04:16","slug":"intellectual-property","status":"publish","type":"page","link":"https:\/\/ersozlu.com\/en\/practise-areas\/intellectual-property\/","title":{"rendered":"Intellectual Property"},"content":{"rendered":"<p><strong>Intellectual Property <\/strong><\/p>\n<p>Ers\u00f6zl\u00fc provides all kind of legal services that are necessary to protect intellectual property rights. Ers\u00f6zl\u00fc counsels and conducts litigations initiating from intellectual property disputes and infringement of intellectual and artistic works. The trademark and patent representatives serve the clients in registration of trademarks, patents and industrial designs within the registry of Turkish Patent Institute. Ers\u00f6zl\u00fc also provides legal support in International Protection of Intellectual Rights.<\/p>\n","protected":false},"excerpt":{"rendered":"<p>Intellectual Property Ers\u00f6zl\u00fc provides all kind of legal services that are necessary to protect intellectual property rights. Ers\u00f6zl\u00fc counsels and conducts litigations initiating from intellectual property disputes and infringement of intellectual and artistic works. The trademark and patent representatives serve the clients in registration of trademarks, patents and industrial designs within the registry of Turkish [&hellip;]<\/p>\n","protected":false},"author":1,"featured_media":0,"parent":535,"menu_order":13,"comment_status":"closed","ping_status":"closed","template":"","meta":{"footnotes":""},"class_list":["post-621","page","type-page","status-publish","hentry"],"_links":{"self":[{"href":"https:\/\/ersozlu.com\/en\/wp-json\/wp\/v2\/pages\/621","targetHints":{"allow":["GET"]}}],"collection":[{"href":"https:\/\/ersozlu.com\/en\/wp-json\/wp\/v2\/pages"}],"about":[{"href":"https:\/\/ersozlu.com\/en\/wp-json\/wp\/v2\/types\/page"}],"author":[{"embeddable":true,"href":"https:\/\/ersozlu.com\/en\/wp-json\/wp\/v2\/users\/1"}],"replies":[{"embeddable":true,"href":"https:\/\/ersozlu.com\/en\/wp-json\/wp\/v2\/comments?post=621"}],"version-history":[{"count":0,"href":"https:\/\/ersozlu.com\/en\/wp-json\/wp\/v2\/pages\/621\/revisions"}],"up":[{"embeddable":true,"href":"https:\/\/ersozlu.com\/en\/wp-json\/wp\/v2\/pages\/535"}],"wp:attachment":[{"href":"https:\/\/ersozlu.com\/en\/wp-json\/wp\/v2\/media?parent=621"}],"curies":[{"name":"wp","href":"https:\/\/api.w.org\/{rel}","templated":true}]}}